{"id":26,"date":"2024-03-04T12:12:32","date_gmt":"2024-03-04T12:12:32","guid":{"rendered":"https:\/\/colproleon.es\/?page_id=26"},"modified":"2025-06-26T09:06:01","modified_gmt":"2025-06-26T09:06:01","slug":"miembros","status":"publish","type":"page","link":"https:\/\/colproleon.es\/?page_id=26","title":{"rendered":"Miembros"},"content":{"rendered":"\n<p>La asociaci\u00f3n est\u00e1 actualmente compuesta por 24 colegios<\/p>\n\n\n\n<ul class=\"wp-block-list\">\n<li>Colegio Oficial de Ingenieros Industriales de Le\u00f3n<\/li>\n\n\n\n<li>Colegio Oficial de Economistas de Le\u00f3n<\/li>\n\n\n\n<li>Colegio Oficial de Peritos e Ingenieros T\u00e9cnicos Industriales de Le\u00f3n<\/li>\n\n\n\n<li>Colegio Oficial de Graduados Sociales de Le\u00f3n<\/li>\n\n\n\n<li>Colegio Oficial de Aparejadores y Arquitectos T\u00e9cnicos de Le\u00f3n<\/li>\n\n\n\n<li>Colegio Oficial de Agentes Comerciales de Le\u00f3n<\/li>\n\n\n\n<li>Colegio Oficial de Veterinarios de Le\u00f3n<\/li>\n\n\n\n<li>Colegio Oficial de Ingenieros T\u00e9cnicos Agr\u00edcolas de Le\u00f3n<\/li>\n\n\n\n<li>Colegio Oficial de Qu\u00edmicos de Asturias y Le\u00f3n<\/li>\n\n\n\n<li>Colegio Oficial de Odont\u00f3logos y Estomat\u00f3logos de Le\u00f3n<\/li>\n\n\n\n<li>Colegio Oficial de Titulares Mercantiles de Le\u00f3n<\/li>\n\n\n\n<li>Colegio Oficial de Ingenieros de Minas del Centro de Espa\u00f1a<\/li>\n\n\n\n<li>Colegio Territorial de Secretarios, Interventores y Tesoreros de la Provincia de Le\u00f3n<\/li>\n\n\n\n<li>Colegio Oficial de Arquitectos \u2013 Delegaci\u00f3n de Le\u00f3n<\/li>\n\n\n\n<li>Colegio Oficial de Diplomados en Trabajo Social y Asistentes Sociales de Le\u00f3n<\/li>\n\n\n\n<li>Colegio Oficial de Mediadores de Seguros de Le\u00f3n<\/li>\n\n\n\n<li>Colegio Oficial de Administradores de Fincas de Le\u00f3n<\/li>\n\n\n\n<li>Ilustre Colegio Oficial de Enfermer\u00eda de Le\u00f3n<\/li>\n\n\n\n<li>Ilustre Colegio Oficial de Farmac\u00e9uticos de Le\u00f3n<\/li>\n\n\n\n<li>Colegio Oficial de Ingenieros T\u00e9cnicos de Minas<\/li>\n\n\n\n<li>Ilustre Colegio de Abogados de Le\u00f3n<\/li>\n\n\n\n<li>Delegaci\u00f3n en Le\u00f3n del Ilustre Colegio Oficial de Gestores Administrativos de Castilla y Le\u00f3n<\/li>\n\n\n\n<li>Colegio Oficial de Agentes de la Propiedad Inmobiliaria<\/li>\n\n\n\n<li>Colegio Profesional de Terapeutas Ocupacionales de Castilla y Le\u00f3n<\/li>\n<\/ul>\n\n\n\n<figure data-wp-context=\"{&quot;imageId&quot;:&quot;69ed3869639c9&quot;}\" data-wp-interactive=\"core\/image\" data-wp-key=\"69ed3869639c9\" class=\"wp-block-image size-medium wp-lightbox-container\"><img loading=\"lazy\" decoding=\"async\" width=\"180\" height=\"300\" data-wp-class--hide=\"state.isContentHidden\" data-wp-class--show=\"state.isContentVisible\" data-wp-init=\"callbacks.setButtonStyles\" data-wp-on--click=\"actions.showLightbox\" data-wp-on--load=\"callbacks.setButtonStyles\" data-wp-on-window--resize=\"callbacks.setButtonStyles\" src=\"https:\/\/colproleon.es\/wp-content\/uploads\/2024\/03\/BannerMiembrosWeb-180x300.jpg\" alt=\"\" class=\"wp-image-28\" srcset=\"https:\/\/colproleon.es\/wp-content\/uploads\/2024\/03\/BannerMiembrosWeb-180x300.jpg 180w, https:\/\/colproleon.es\/wp-content\/uploads\/2024\/03\/BannerMiembrosWeb.jpg 600w\" sizes=\"auto, (max-width: 180px) 85vw, 180px\" \/><button\n\t\t\tclass=\"lightbox-trigger\"\n\t\t\ttype=\"button\"\n\t\t\taria-haspopup=\"dialog\"\n\t\t\taria-label=\"Agrandar\"\n\t\t\tdata-wp-init=\"callbacks.initTriggerButton\"\n\t\t\tdata-wp-on--click=\"actions.showLightbox\"\n\t\t\tdata-wp-style--right=\"state.imageButtonRight\"\n\t\t\tdata-wp-style--top=\"state.imageButtonTop\"\n\t\t>\n\t\t\t<svg xmlns=\"http:\/\/www.w3.org\/2000\/svg\" width=\"12\" height=\"12\" fill=\"none\" viewBox=\"0 0 12 12\">\n\t\t\t\t<path fill=\"#fff\" d=\"M2 0a2 2 0 0 0-2 2v2h1.5V2a.5.5 0 0 1 .5-.5h2V0H2Zm2 10.5H2a.5.5 0 0 1-.5-.5V8H0v2a2 2 0 0 0 2 2h2v-1.5ZM8 12v-1.5h2a.5.5 0 0 0 .5-.5V8H12v2a2 2 0 0 1-2 2H8Zm2-12a2 2 0 0 1 2 2v2h-1.5V2a.5.5 0 0 0-.5-.5H8V0h2Z\" \/>\n\t\t\t<\/svg>\n\t\t<\/button><\/figure>\n","protected":false},"excerpt":{"rendered":"<p>La asociaci\u00f3n est\u00e1 actualmente compuesta por 24 colegios<\/p>\n","protected":false},"author":1,"featured_media":0,"parent":0,"menu_order":0,"comment_status":"closed","ping_status":"closed","template":"","meta":{"footnotes":""},"class_list":["post-26","page","type-page","status-publish","hentry"],"yoast_head":"<!-- This site is optimized with the Yoast SEO plugin v27.4 - https:\/\/yoast.com\/product\/yoast-seo-wordpress\/ -->\n<title>Miembros - COLPROLe\u00f3n<\/title>\n<meta name=\"robots\" content=\"index, follow, max-snippet:-1, max-image-preview:large, max-video-preview:-1\" \/>\n<link rel=\"canonical\" href=\"https:\/\/colproleon.es\/?page_id=26\" \/>\n<meta property=\"og:locale\" content=\"es_ES\" \/>\n<meta property=\"og:type\" content=\"article\" \/>\n<meta property=\"og:title\" content=\"Miembros - COLPROLe\u00f3n\" \/>\n<meta property=\"og:description\" content=\"La asociaci\u00f3n est\u00e1 actualmente compuesta por 24 colegios\" \/>\n<meta property=\"og:url\" content=\"https:\/\/colproleon.es\/?page_id=26\" \/>\n<meta property=\"og:site_name\" content=\"COLPROLe\u00f3n\" \/>\n<meta property=\"article:publisher\" content=\"https:\/\/www.facebook.com\/Colproleon\" \/>\n<meta property=\"article:modified_time\" content=\"2025-06-26T09:06:01+00:00\" \/>\n<meta property=\"og:image\" content=\"https:\/\/colproleon.es\/wp-content\/uploads\/2024\/03\/BannerMiembrosWeb.jpg\" \/>\n\t<meta property=\"og:image:width\" content=\"600\" \/>\n\t<meta property=\"og:image:height\" content=\"1000\" \/>\n\t<meta property=\"og:image:type\" content=\"image\/jpeg\" \/>\n<meta name=\"twitter:card\" content=\"summary_large_image\" \/>\n<meta name=\"twitter:site\" content=\"@colproleon\" \/>\n<meta name=\"twitter:label1\" content=\"Tiempo de lectura\" \/>\n\t<meta name=\"twitter:data1\" content=\"2 minutos\" \/>\n<script type=\"application\/ld+json\" class=\"yoast-schema-graph\">{\"@context\":\"https:\\\/\\\/schema.org\",\"@graph\":[{\"@type\":\"WebPage\",\"@id\":\"https:\\\/\\\/colproleon.es\\\/?page_id=26\",\"url\":\"https:\\\/\\\/colproleon.es\\\/?page_id=26\",\"name\":\"Miembros - COLPROLe\u00f3n\",\"isPartOf\":{\"@id\":\"https:\\\/\\\/colproleon.es\\\/#website\"},\"primaryImageOfPage\":{\"@id\":\"https:\\\/\\\/colproleon.es\\\/?page_id=26#primaryimage\"},\"image\":{\"@id\":\"https:\\\/\\\/colproleon.es\\\/?page_id=26#primaryimage\"},\"thumbnailUrl\":\"https:\\\/\\\/colproleon.es\\\/wp-content\\\/uploads\\\/2024\\\/03\\\/BannerMiembrosWeb-180x300.jpg\",\"datePublished\":\"2024-03-04T12:12:32+00:00\",\"dateModified\":\"2025-06-26T09:06:01+00:00\",\"breadcrumb\":{\"@id\":\"https:\\\/\\\/colproleon.es\\\/?page_id=26#breadcrumb\"},\"inLanguage\":\"es\",\"potentialAction\":[{\"@type\":\"ReadAction\",\"target\":[\"https:\\\/\\\/colproleon.es\\\/?page_id=26\"]}]},{\"@type\":\"ImageObject\",\"inLanguage\":\"es\",\"@id\":\"https:\\\/\\\/colproleon.es\\\/?page_id=26#primaryimage\",\"url\":\"https:\\\/\\\/colproleon.es\\\/wp-content\\\/uploads\\\/2024\\\/03\\\/BannerMiembrosWeb.jpg\",\"contentUrl\":\"https:\\\/\\\/colproleon.es\\\/wp-content\\\/uploads\\\/2024\\\/03\\\/BannerMiembrosWeb.jpg\",\"width\":600,\"height\":1000},{\"@type\":\"BreadcrumbList\",\"@id\":\"https:\\\/\\\/colproleon.es\\\/?page_id=26#breadcrumb\",\"itemListElement\":[{\"@type\":\"ListItem\",\"position\":1,\"name\":\"Portada\",\"item\":\"https:\\\/\\\/colproleon.es\\\/\"},{\"@type\":\"ListItem\",\"position\":2,\"name\":\"Miembros\"}]},{\"@type\":\"WebSite\",\"@id\":\"https:\\\/\\\/colproleon.es\\\/#website\",\"url\":\"https:\\\/\\\/colproleon.es\\\/\",\"name\":\"COLPROLe\u00f3n\",\"description\":\"Asociaci\u00f3n de Colegios Profesionales de Le\u00f3n\",\"publisher\":{\"@id\":\"https:\\\/\\\/colproleon.es\\\/#organization\"},\"potentialAction\":[{\"@type\":\"SearchAction\",\"target\":{\"@type\":\"EntryPoint\",\"urlTemplate\":\"https:\\\/\\\/colproleon.es\\\/?s={search_term_string}\"},\"query-input\":{\"@type\":\"PropertyValueSpecification\",\"valueRequired\":true,\"valueName\":\"search_term_string\"}}],\"inLanguage\":\"es\"},{\"@type\":\"Organization\",\"@id\":\"https:\\\/\\\/colproleon.es\\\/#organization\",\"name\":\"Asociaci\u00f3n de Colegios Profesionales de Le\u00f3n\",\"url\":\"https:\\\/\\\/colproleon.es\\\/\",\"logo\":{\"@type\":\"ImageObject\",\"inLanguage\":\"es\",\"@id\":\"https:\\\/\\\/colproleon.es\\\/#\\\/schema\\\/logo\\\/image\\\/\",\"url\":\"https:\\\/\\\/colproleon.es\\\/wp-content\\\/uploads\\\/2024\\\/03\\\/Logo-COLPROLEON.jpg\",\"contentUrl\":\"https:\\\/\\\/colproleon.es\\\/wp-content\\\/uploads\\\/2024\\\/03\\\/Logo-COLPROLEON.jpg\",\"width\":243,\"height\":206,\"caption\":\"Asociaci\u00f3n de Colegios Profesionales de Le\u00f3n\"},\"image\":{\"@id\":\"https:\\\/\\\/colproleon.es\\\/#\\\/schema\\\/logo\\\/image\\\/\"},\"sameAs\":[\"https:\\\/\\\/www.facebook.com\\\/Colproleon\",\"https:\\\/\\\/x.com\\\/colproleon\",\"https:\\\/\\\/www.instagram.com\\\/colproleon\\\/\",\"https:\\\/\\\/www.linkedin.com\\\/company\\\/47593616\\\/admin\\\/feed\\\/posts\\\/\",\"https:\\\/\\\/www.youtube.com\\\/@colproleon508\"]}]}<\/script>\n<!-- \/ Yoast SEO plugin. -->","yoast_head_json":{"title":"Miembros - COLPROLe\u00f3n","robots":{"index":"index","follow":"follow","max-snippet":"max-snippet:-1","max-image-preview":"max-image-preview:large","max-video-preview":"max-video-preview:-1"},"canonical":"https:\/\/colproleon.es\/?page_id=26","og_locale":"es_ES","og_type":"article","og_title":"Miembros - COLPROLe\u00f3n","og_description":"La asociaci\u00f3n est\u00e1 actualmente compuesta por 24 colegios","og_url":"https:\/\/colproleon.es\/?page_id=26","og_site_name":"COLPROLe\u00f3n","article_publisher":"https:\/\/www.facebook.com\/Colproleon","article_modified_time":"2025-06-26T09:06:01+00:00","og_image":[{"width":600,"height":1000,"url":"https:\/\/colproleon.es\/wp-content\/uploads\/2024\/03\/BannerMiembrosWeb.jpg","type":"image\/jpeg"}],"twitter_card":"summary_large_image","twitter_site":"@colproleon","twitter_misc":{"Tiempo de lectura":"2 minutos"},"schema":{"@context":"https:\/\/schema.org","@graph":[{"@type":"WebPage","@id":"https:\/\/colproleon.es\/?page_id=26","url":"https:\/\/colproleon.es\/?page_id=26","name":"Miembros - COLPROLe\u00f3n","isPartOf":{"@id":"https:\/\/colproleon.es\/#website"},"primaryImageOfPage":{"@id":"https:\/\/colproleon.es\/?page_id=26#primaryimage"},"image":{"@id":"https:\/\/colproleon.es\/?page_id=26#primaryimage"},"thumbnailUrl":"https:\/\/colproleon.es\/wp-content\/uploads\/2024\/03\/BannerMiembrosWeb-180x300.jpg","datePublished":"2024-03-04T12:12:32+00:00","dateModified":"2025-06-26T09:06:01+00:00","breadcrumb":{"@id":"https:\/\/colproleon.es\/?page_id=26#breadcrumb"},"inLanguage":"es","potentialAction":[{"@type":"ReadAction","target":["https:\/\/colproleon.es\/?page_id=26"]}]},{"@type":"ImageObject","inLanguage":"es","@id":"https:\/\/colproleon.es\/?page_id=26#primaryimage","url":"https:\/\/colproleon.es\/wp-content\/uploads\/2024\/03\/BannerMiembrosWeb.jpg","contentUrl":"https:\/\/colproleon.es\/wp-content\/uploads\/2024\/03\/BannerMiembrosWeb.jpg","width":600,"height":1000},{"@type":"BreadcrumbList","@id":"https:\/\/colproleon.es\/?page_id=26#breadcrumb","itemListElement":[{"@type":"ListItem","position":1,"name":"Portada","item":"https:\/\/colproleon.es\/"},{"@type":"ListItem","position":2,"name":"Miembros"}]},{"@type":"WebSite","@id":"https:\/\/colproleon.es\/#website","url":"https:\/\/colproleon.es\/","name":"COLPROLe\u00f3n","description":"Asociaci\u00f3n de Colegios Profesionales de Le\u00f3n","publisher":{"@id":"https:\/\/colproleon.es\/#organization"},"potentialAction":[{"@type":"SearchAction","target":{"@type":"EntryPoint","urlTemplate":"https:\/\/colproleon.es\/?s={search_term_string}"},"query-input":{"@type":"PropertyValueSpecification","valueRequired":true,"valueName":"search_term_string"}}],"inLanguage":"es"},{"@type":"Organization","@id":"https:\/\/colproleon.es\/#organization","name":"Asociaci\u00f3n de Colegios Profesionales de Le\u00f3n","url":"https:\/\/colproleon.es\/","logo":{"@type":"ImageObject","inLanguage":"es","@id":"https:\/\/colproleon.es\/#\/schema\/logo\/image\/","url":"https:\/\/colproleon.es\/wp-content\/uploads\/2024\/03\/Logo-COLPROLEON.jpg","contentUrl":"https:\/\/colproleon.es\/wp-content\/uploads\/2024\/03\/Logo-COLPROLEON.jpg","width":243,"height":206,"caption":"Asociaci\u00f3n de Colegios Profesionales de Le\u00f3n"},"image":{"@id":"https:\/\/colproleon.es\/#\/schema\/logo\/image\/"},"sameAs":["https:\/\/www.facebook.com\/Colproleon","https:\/\/x.com\/colproleon","https:\/\/www.instagram.com\/colproleon\/","https:\/\/www.linkedin.com\/company\/47593616\/admin\/feed\/posts\/","https:\/\/www.youtube.com\/@colproleon508"]}]}},"_links":{"self":[{"href":"https:\/\/colproleon.es\/index.php?rest_route=\/wp\/v2\/pages\/26","targetHints":{"allow":["GET"]}}],"collection":[{"href":"https:\/\/colproleon.es\/index.php?rest_route=\/wp\/v2\/pages"}],"about":[{"href":"https:\/\/colproleon.es\/index.php?rest_route=\/wp\/v2\/types\/page"}],"author":[{"embeddable":true,"href":"https:\/\/colproleon.es\/index.php?rest_route=\/wp\/v2\/users\/1"}],"replies":[{"embeddable":true,"href":"https:\/\/colproleon.es\/index.php?rest_route=%2Fwp%2Fv2%2Fcomments&post=26"}],"version-history":[{"count":4,"href":"https:\/\/colproleon.es\/index.php?rest_route=\/wp\/v2\/pages\/26\/revisions"}],"predecessor-version":[{"id":248,"href":"https:\/\/colproleon.es\/index.php?rest_route=\/wp\/v2\/pages\/26\/revisions\/248"}],"wp:attachment":[{"href":"https:\/\/colproleon.es\/index.php?rest_route=%2Fwp%2Fv2%2Fmedia&parent=26"}],"curies":[{"name":"wp","href":"https:\/\/api.w.org\/{rel}","templated":true}]}}