{"id":2,"date":"2024-02-26T12:31:56","date_gmt":"2024-02-26T12:31:56","guid":{"rendered":"https:\/\/colproleon.es\/?page_id=2"},"modified":"2024-03-04T12:06:16","modified_gmt":"2024-03-04T12:06:16","slug":"sample-page","status":"publish","type":"page","link":"https:\/\/colproleon.es\/?page_id=2","title":{"rendered":"Bienvenida"},"content":{"rendered":"\n<p>La Asociaci\u00f3n de Colegios Profesionales de Le\u00f3n engloba en la actualidad a <strong>24 colegios profesionales<\/strong>, con unos <strong>20.000 profesionales representados<\/strong>, estando pendientes de la incorporaci\u00f3n de alguno m\u00e1s. Destaca pues su <strong>car\u00e1cter profesional, e interdisciplinar<\/strong>, en muy diferentes \u00e1mbitos sociales, y pretende ser un punto de visualizaci\u00f3n de los problemas que afectan al territorio de la provincia de Le\u00f3n. El car\u00e1cter es as\u00ed mismo participativo, y abierto a toda iniciativa que pueda significar directamente progreso para Le\u00f3n. No es algo habitual una asociaci\u00f3n de colegios profesionales en defensa de un inter\u00e9s com\u00fan de desarrollo de su espacio territorial de actuaci\u00f3n. El hecho de haberse producido, claramente debe interpretarse como una se\u00f1al de la preocupaci\u00f3n que sienten por estos temas de desarrollo, como <strong>agentes sociales<\/strong>, que <strong>no quieren actuar desligados<\/strong>, para <strong>empujar todos juntos<\/strong>, <strong>integrando el talento <\/strong>y buscando i<strong>nteraccionar<\/strong>. No se trata de perseguir la mejora de los profesionales, sino de la sociedad leonesa de la cual son parte los profesionales leoneses.<\/p>\n\n\n\n<p>Consideran sus miembros que tienen la obligaci\u00f3n de <strong>defender sin cortapisas los proyectos que supongan creaci\u00f3n de riqueza y puestos de trabajo en la provincia<\/strong>. Se trata de <strong>ver lo positivo<\/strong>, el beneficio e inter\u00e9s para Le\u00f3n, a efectos de no perder el tren del progreso, difundiendo y reclamando la ejecuci\u00f3n de posibilidades viables de crear empleo y desarrollar Le\u00f3n, pues en estos momentos se est\u00e1 jugando buena parte de nuestro futuro.<\/p>\n\n\n\n<p>Estiman que en la fase de <strong>planificaci\u00f3n de iniciativas <\/strong>y en la de acometer programas deben <strong>tenerse <\/strong>debidamente <strong>en cuenta <\/strong>adem\u00e1s de los intereses de las autoridades regionales y locales, los de la <strong>sociedad civil local<\/strong>, dado que se ven afectadas por una actividad y\/o proyecto de inter\u00e9s com\u00fan que debe redundar en el dinamismo preciso para el avance social y econ\u00f3mico. Dichas iniciativas deben proyectarse y acordarse sin letra peque\u00f1a en su articulado.<\/p>\n\n\n\n<p>Espa\u00f1a debe <strong>crecer<\/strong>, en eso estamos todos de acuerdo. Pero <strong>no de una forma asim\u00e9trica <\/strong>con unas zonas ya industrializadas que van a ver incrementado su nivel de infraestructuras, y otras que no disponen de las mismas y por ello van a verse a\u00fan m\u00e1s alejadas de alcanzar un nivel de competitividad industrial. Estiman que <strong>las infraestructuras deben establecerse para asegurar la igualdad de oportunidades<\/strong>, y nunca instaurarse para que sirvan a efectos de provocar diferencias o de establecer agravios en las posibilidades de desarrollo de los territorios. Se debe avanzar en una pol\u00edtica de cohesi\u00f3n para todo el territorio espa\u00f1ol, favoreciendo la lucha contra el desequilibrio regional. Los factores poblacionales no s\u00f3lo hacen evidente <strong>el descenso de poblaci\u00f3n<\/strong>, sino el <strong>incremento de la edad media<\/strong>, un <strong>envejecimiento <\/strong>de la misma, y una <strong>p\u00e9rdida de poblaci\u00f3n joven <\/strong>que es preocupante en extremo. La <strong>situaci\u00f3n <\/strong>que atraviesa Le\u00f3n <strong>parece no ser ya coyuntural<\/strong>, sino que <strong>est\u00e1 deviniendo en estructural<\/strong>, y por lo tanto dif\u00edcil de atajar y enmendar, y cada d\u00eda m\u00e1s. Le\u00f3n no puede continuar en una situaci\u00f3n econ\u00f3mica y social <strong>no ya de estancamiento si no de claro retroceso<\/strong>, en la cual no se aprecia futuro para los m\u00e1s j\u00f3venes y la mayor\u00eda de estos, a menudo muy preparados, en diferentes disciplinas, no s\u00f3lo en las acad\u00e9micas, se ven obligados a buscar trabajo en otros lugares. Se pretende dar a conocer a la sociedad problemas, hacerla salir de la zona de confort. No se trata de victimismo. Se trata de verdades.<\/p>\n\n\n\n<blockquote class=\"wp-block-quote is-layout-flow wp-block-quote-is-layout-flow\">\n<p><\/p>\n<\/blockquote>\n","protected":false},"excerpt":{"rendered":"<p>La Asociaci\u00f3n de Colegios Profesionales de Le\u00f3n engloba en la actualidad a 24 colegios profesionales, con unos 20.000 profesionales representados, estando pendientes de la incorporaci\u00f3n de alguno m\u00e1s. Destaca pues su car\u00e1cter profesional, e interdisciplinar, en muy diferentes \u00e1mbitos sociales, y pretende ser un punto de visualizaci\u00f3n de los problemas que afectan al territorio de &hellip; <a href=\"https:\/\/colproleon.es\/?page_id=2\" class=\"more-link\">Continuar leyendo<span class=\"screen-reader-text\"> \u00abBienvenida\u00bb<\/span><\/a><\/p>\n","protected":false},"author":1,"featured_media":0,"parent":0,"menu_order":0,"comment_status":"closed","ping_status":"closed","template":"","meta":{"footnotes":""},"class_list":["post-2","page","type-page","status-publish","hentry"],"yoast_head":"<!-- This site is optimized with the Yoast SEO plugin v27.5 - https:\/\/yoast.com\/product\/yoast-seo-wordpress\/ -->\n<title>Bienvenida - COLPROLe\u00f3n<\/title>\n<meta name=\"robots\" content=\"index, follow, max-snippet:-1, max-image-preview:large, max-video-preview:-1\" \/>\n<link rel=\"canonical\" href=\"https:\/\/colproleon.es\/?page_id=2\" \/>\n<meta property=\"og:locale\" content=\"es_ES\" \/>\n<meta property=\"og:type\" content=\"article\" \/>\n<meta property=\"og:title\" content=\"Bienvenida - COLPROLe\u00f3n\" \/>\n<meta property=\"og:description\" content=\"La Asociaci\u00f3n de Colegios Profesionales de Le\u00f3n engloba en la actualidad a 24 colegios profesionales, con unos 20.000 profesionales representados, estando pendientes de la incorporaci\u00f3n de alguno m\u00e1s. Destaca pues su car\u00e1cter profesional, e interdisciplinar, en muy diferentes \u00e1mbitos sociales, y pretende ser un punto de visualizaci\u00f3n de los problemas que afectan al territorio de &hellip; Continuar leyendo &quot;Bienvenida&quot;\" \/>\n<meta property=\"og:url\" content=\"https:\/\/colproleon.es\/?page_id=2\" \/>\n<meta property=\"og:site_name\" content=\"COLPROLe\u00f3n\" \/>\n<meta property=\"article:publisher\" content=\"https:\/\/www.facebook.com\/Colproleon\" \/>\n<meta property=\"article:modified_time\" content=\"2024-03-04T12:06:16+00:00\" \/>\n<meta name=\"twitter:card\" content=\"summary_large_image\" \/>\n<meta name=\"twitter:site\" content=\"@colproleon\" \/>\n<meta name=\"twitter:label1\" content=\"Tiempo de lectura\" \/>\n\t<meta name=\"twitter:data1\" content=\"3 minutos\" \/>\n<script type=\"application\/ld+json\" class=\"yoast-schema-graph\">{\"@context\":\"https:\\\/\\\/schema.org\",\"@graph\":[{\"@type\":\"WebPage\",\"@id\":\"https:\\\/\\\/colproleon.es\\\/?page_id=2\",\"url\":\"https:\\\/\\\/colproleon.es\\\/?page_id=2\",\"name\":\"Bienvenida - COLPROLe\u00f3n\",\"isPartOf\":{\"@id\":\"https:\\\/\\\/colproleon.es\\\/#website\"},\"datePublished\":\"2024-02-26T12:31:56+00:00\",\"dateModified\":\"2024-03-04T12:06:16+00:00\",\"breadcrumb\":{\"@id\":\"https:\\\/\\\/colproleon.es\\\/?page_id=2#breadcrumb\"},\"inLanguage\":\"es\",\"potentialAction\":[{\"@type\":\"ReadAction\",\"target\":[\"https:\\\/\\\/colproleon.es\\\/?page_id=2\"]}]},{\"@type\":\"BreadcrumbList\",\"@id\":\"https:\\\/\\\/colproleon.es\\\/?page_id=2#breadcrumb\",\"itemListElement\":[{\"@type\":\"ListItem\",\"position\":1,\"name\":\"Portada\",\"item\":\"https:\\\/\\\/colproleon.es\\\/\"},{\"@type\":\"ListItem\",\"position\":2,\"name\":\"Bienvenida\"}]},{\"@type\":\"WebSite\",\"@id\":\"https:\\\/\\\/colproleon.es\\\/#website\",\"url\":\"https:\\\/\\\/colproleon.es\\\/\",\"name\":\"COLPROLe\u00f3n\",\"description\":\"Asociaci\u00f3n de Colegios Profesionales de Le\u00f3n\",\"publisher\":{\"@id\":\"https:\\\/\\\/colproleon.es\\\/#organization\"},\"potentialAction\":[{\"@type\":\"SearchAction\",\"target\":{\"@type\":\"EntryPoint\",\"urlTemplate\":\"https:\\\/\\\/colproleon.es\\\/?s={search_term_string}\"},\"query-input\":{\"@type\":\"PropertyValueSpecification\",\"valueRequired\":true,\"valueName\":\"search_term_string\"}}],\"inLanguage\":\"es\"},{\"@type\":\"Organization\",\"@id\":\"https:\\\/\\\/colproleon.es\\\/#organization\",\"name\":\"Asociaci\u00f3n de Colegios Profesionales de Le\u00f3n\",\"url\":\"https:\\\/\\\/colproleon.es\\\/\",\"logo\":{\"@type\":\"ImageObject\",\"inLanguage\":\"es\",\"@id\":\"https:\\\/\\\/colproleon.es\\\/#\\\/schema\\\/logo\\\/image\\\/\",\"url\":\"https:\\\/\\\/colproleon.es\\\/wp-content\\\/uploads\\\/2024\\\/03\\\/Logo-COLPROLEON.jpg\",\"contentUrl\":\"https:\\\/\\\/colproleon.es\\\/wp-content\\\/uploads\\\/2024\\\/03\\\/Logo-COLPROLEON.jpg\",\"width\":243,\"height\":206,\"caption\":\"Asociaci\u00f3n de Colegios Profesionales de Le\u00f3n\"},\"image\":{\"@id\":\"https:\\\/\\\/colproleon.es\\\/#\\\/schema\\\/logo\\\/image\\\/\"},\"sameAs\":[\"https:\\\/\\\/www.facebook.com\\\/Colproleon\",\"https:\\\/\\\/x.com\\\/colproleon\",\"https:\\\/\\\/www.instagram.com\\\/colproleon\\\/\",\"https:\\\/\\\/www.linkedin.com\\\/company\\\/47593616\\\/admin\\\/feed\\\/posts\\\/\",\"https:\\\/\\\/www.youtube.com\\\/@colproleon508\"]}]}<\/script>\n<!-- \/ Yoast SEO plugin. -->","yoast_head_json":{"title":"Bienvenida - COLPROLe\u00f3n","robots":{"index":"index","follow":"follow","max-snippet":"max-snippet:-1","max-image-preview":"max-image-preview:large","max-video-preview":"max-video-preview:-1"},"canonical":"https:\/\/colproleon.es\/?page_id=2","og_locale":"es_ES","og_type":"article","og_title":"Bienvenida - COLPROLe\u00f3n","og_description":"La Asociaci\u00f3n de Colegios Profesionales de Le\u00f3n engloba en la actualidad a 24 colegios profesionales, con unos 20.000 profesionales representados, estando pendientes de la incorporaci\u00f3n de alguno m\u00e1s. Destaca pues su car\u00e1cter profesional, e interdisciplinar, en muy diferentes \u00e1mbitos sociales, y pretende ser un punto de visualizaci\u00f3n de los problemas que afectan al territorio de &hellip; Continuar leyendo \"Bienvenida\"","og_url":"https:\/\/colproleon.es\/?page_id=2","og_site_name":"COLPROLe\u00f3n","article_publisher":"https:\/\/www.facebook.com\/Colproleon","article_modified_time":"2024-03-04T12:06:16+00:00","twitter_card":"summary_large_image","twitter_site":"@colproleon","twitter_misc":{"Tiempo de lectura":"3 minutos"},"schema":{"@context":"https:\/\/schema.org","@graph":[{"@type":"WebPage","@id":"https:\/\/colproleon.es\/?page_id=2","url":"https:\/\/colproleon.es\/?page_id=2","name":"Bienvenida - COLPROLe\u00f3n","isPartOf":{"@id":"https:\/\/colproleon.es\/#website"},"datePublished":"2024-02-26T12:31:56+00:00","dateModified":"2024-03-04T12:06:16+00:00","breadcrumb":{"@id":"https:\/\/colproleon.es\/?page_id=2#breadcrumb"},"inLanguage":"es","potentialAction":[{"@type":"ReadAction","target":["https:\/\/colproleon.es\/?page_id=2"]}]},{"@type":"BreadcrumbList","@id":"https:\/\/colproleon.es\/?page_id=2#breadcrumb","itemListElement":[{"@type":"ListItem","position":1,"name":"Portada","item":"https:\/\/colproleon.es\/"},{"@type":"ListItem","position":2,"name":"Bienvenida"}]},{"@type":"WebSite","@id":"https:\/\/colproleon.es\/#website","url":"https:\/\/colproleon.es\/","name":"COLPROLe\u00f3n","description":"Asociaci\u00f3n de Colegios Profesionales de Le\u00f3n","publisher":{"@id":"https:\/\/colproleon.es\/#organization"},"potentialAction":[{"@type":"SearchAction","target":{"@type":"EntryPoint","urlTemplate":"https:\/\/colproleon.es\/?s={search_term_string}"},"query-input":{"@type":"PropertyValueSpecification","valueRequired":true,"valueName":"search_term_string"}}],"inLanguage":"es"},{"@type":"Organization","@id":"https:\/\/colproleon.es\/#organization","name":"Asociaci\u00f3n de Colegios Profesionales de Le\u00f3n","url":"https:\/\/colproleon.es\/","logo":{"@type":"ImageObject","inLanguage":"es","@id":"https:\/\/colproleon.es\/#\/schema\/logo\/image\/","url":"https:\/\/colproleon.es\/wp-content\/uploads\/2024\/03\/Logo-COLPROLEON.jpg","contentUrl":"https:\/\/colproleon.es\/wp-content\/uploads\/2024\/03\/Logo-COLPROLEON.jpg","width":243,"height":206,"caption":"Asociaci\u00f3n de Colegios Profesionales de Le\u00f3n"},"image":{"@id":"https:\/\/colproleon.es\/#\/schema\/logo\/image\/"},"sameAs":["https:\/\/www.facebook.com\/Colproleon","https:\/\/x.com\/colproleon","https:\/\/www.instagram.com\/colproleon\/","https:\/\/www.linkedin.com\/company\/47593616\/admin\/feed\/posts\/","https:\/\/www.youtube.com\/@colproleon508"]}]}},"_links":{"self":[{"href":"https:\/\/colproleon.es\/index.php?rest_route=\/wp\/v2\/pages\/2","targetHints":{"allow":["GET"]}}],"collection":[{"href":"https:\/\/colproleon.es\/index.php?rest_route=\/wp\/v2\/pages"}],"about":[{"href":"https:\/\/colproleon.es\/index.php?rest_route=\/wp\/v2\/types\/page"}],"author":[{"embeddable":true,"href":"https:\/\/colproleon.es\/index.php?rest_route=\/wp\/v2\/users\/1"}],"replies":[{"embeddable":true,"href":"https:\/\/colproleon.es\/index.php?rest_route=%2Fwp%2Fv2%2Fcomments&post=2"}],"version-history":[{"count":1,"href":"https:\/\/colproleon.es\/index.php?rest_route=\/wp\/v2\/pages\/2\/revisions"}],"predecessor-version":[{"id":25,"href":"https:\/\/colproleon.es\/index.php?rest_route=\/wp\/v2\/pages\/2\/revisions\/25"}],"wp:attachment":[{"href":"https:\/\/colproleon.es\/index.php?rest_route=%2Fwp%2Fv2%2Fmedia&parent=2"}],"curies":[{"name":"wp","href":"https:\/\/api.w.org\/{rel}","templated":true}]}}